{"id":8026,"date":"2024-12-27T14:38:54","date_gmt":"2024-12-27T14:38:54","guid":{"rendered":"https:\/\/staging.maisonboutique.it\/?page_id=8026"},"modified":"2025-11-13T10:59:03","modified_gmt":"2025-11-13T10:59:03","slug":"la-nostra-private-chalets-spa","status":"publish","type":"page","link":"https:\/\/sappada.maisonboutique.it\/en\/la-nostra-private-chalets-spa\/","title":{"rendered":"La nostra Private Chalets Spa"},"content":{"rendered":"<div data-elementor-type=\"wp-page\" data-elementor-id=\"8026\" class=\"elementor elementor-8026\" data-elementor-post-type=\"page\">\n\t\t\t\t\t\t<section class=\"elementor-section elementor-top-section elementor-element elementor-element-fd202d3 elementor-section-boxed elementor-section-height-default elementor-section-height-default\" data-id=\"fd202d3\" data-element_type=\"section\" data-settings=\"{&quot;background_background&quot;:&quot;classic&quot;}\">\n\t\t\t\t\t\t<div class=\"elementor-container elementor-column-gap-default\">\n\t\t\t\t\t<div class=\"elementor-column elementor-col-100 elementor-top-column elementor-element elementor-element-ba7dad5\" data-id=\"ba7dad5\" data-element_type=\"column\">\n\t\t\t<div class=\"elementor-widget-wrap elementor-element-populated\">\n\t\t\t\t\t\t<div class=\"elementor-element elementor-element-fab46f7 elementor-widget elementor-widget-gva-heading-block\" data-id=\"fab46f7\" data-element_type=\"widget\" data-widget_type=\"gva-heading-block.default\">\n\t\t\t\t<div class=\"elementor-widget-container\">\n\t\t\t\t\t<div class=\"gva-element-gva-heading-block gva-element\">   <div class=\"align-left style-1 widget gsc-heading box-align-left auto-responsive\">\r\n      <div class=\"content-inner\">\r\n         \r\n                  \r\n           \r\n         \r\n                     <h1 class=\"title\">\r\n               <span>Our Private Spa<\/span>\r\n            <\/h1>\r\n                  \r\n                     <div class=\"title-desc\">Treat yourself to relaxation<\/div>\r\n         \r\n         \r\n      <\/div>\r\n   <\/div>\r\n<\/div>\t\t\t\t<\/div>\n\t\t\t\t<\/div>\n\t\t\t\t\t<\/div>\n\t\t<\/div>\n\t\t\t\t\t<\/div>\n\t\t<\/section>\n\t\t\t\t<section class=\"elementor-section elementor-top-section elementor-element elementor-element-8dd8f04 elementor-section-boxed elementor-section-height-default elementor-section-height-default\" data-id=\"8dd8f04\" data-element_type=\"section\">\n\t\t\t\t\t\t<div class=\"elementor-container elementor-column-gap-default\">\n\t\t\t\t\t<div class=\"elementor-column elementor-col-100 elementor-top-column elementor-element elementor-element-d42e590\" data-id=\"d42e590\" data-element_type=\"column\">\n\t\t\t<div class=\"elementor-widget-wrap elementor-element-populated\">\n\t\t\t\t\t\t<div class=\"elementor-element elementor-element-bea16d3 elementor-widget elementor-widget-gva-heading-block\" data-id=\"bea16d3\" data-element_type=\"widget\" data-widget_type=\"gva-heading-block.default\">\n\t\t\t\t<div class=\"elementor-widget-container\">\n\t\t\t\t\t<div class=\"gva-element-gva-heading-block gva-element\">   <div class=\"align-center style-1 widget gsc-heading box-align-left auto-responsive\">\r\n      <div class=\"content-inner\">\r\n         \r\n                  \r\n           \r\n         \r\n                     <h2 class=\"title\">\r\n               <span>Welcome to Our Private Spa, exclusive to our guests<\/span>\r\n            <\/h2>\r\n                  \r\n                     <div class=\"title-desc\">Immergiti in un'oasi di tranquillit\u00e0 e benessere nella spa privata del vostro chalet, dove il relax e la cura personale sono al centro dell'esperienza. Progettata per offrire privacy e comfort, la nostra spa \u00e8 il rifugio perfetto per chi cerca un momento di pausa dalla routine quotidiana.<\/div>\r\n         \r\n         \r\n      <\/div>\r\n   <\/div>\r\n<\/div>\t\t\t\t<\/div>\n\t\t\t\t<\/div>\n\t\t\t\t<div class=\"elementor-element elementor-element-662344b elementor-widget elementor-widget-gva-heading-block\" data-id=\"662344b\" data-element_type=\"widget\" data-widget_type=\"gva-heading-block.default\">\n\t\t\t\t<div class=\"elementor-widget-container\">\n\t\t\t\t\t<div class=\"gva-element-gva-heading-block gva-element\">   <div class=\"align-center style-2 widget gsc-heading box-align-left auto-responsive\">\r\n      <div class=\"content-inner\">\r\n         \r\n                  \r\n           \r\n         \r\n                     <h3 class=\"title\">\r\n               <span>Whirlpool Tub<\/span>\r\n            <\/h3>\r\n                  \r\n                     <div class=\"title-desc\">Immergiti nella a vasca idromassaggio, dove getti d'acqua calda massaggiano delicatamente, alleviando tensioni muscolari e stress. Circondati dalle bolle e lasciati cullare in questo abbraccio acquatico, ideale per un profondo rilassamento. Rilassati godendo dei benefici della cromoterapia abbinata all\u2019idromassaggio.<\/div>\r\n         \r\n         \r\n      <\/div>\r\n   <\/div>\r\n<\/div>\t\t\t\t<\/div>\n\t\t\t\t<\/div>\n\t\t\t\t<div class=\"elementor-element elementor-element-747ed3e elementor-widget elementor-widget-gva-heading-block\" data-id=\"747ed3e\" data-element_type=\"widget\" data-widget_type=\"gva-heading-block.default\">\n\t\t\t\t<div class=\"elementor-widget-container\">\n\t\t\t\t\t<div class=\"gva-element-gva-heading-block gva-element\">   <div class=\"align-center style-2 widget gsc-heading box-align-left auto-responsive\">\r\n      <div class=\"content-inner\">\r\n         \r\n                  \r\n           \r\n         \r\n                     <h3 class=\"title\">\r\n               <span>SAUNA FINLANDESE<\/span>\r\n            <\/h3>\r\n                  \r\n                     <div class=\"title-desc\">Goditi un\u2019esperienza di puro relax che trasforma ogni momento in una pausa rigenerante. Il calore secco stimola la circolazione, libera la pelle dalle tossine e regala una sensazione di benessere immediato. Concediti il lusso di prenderti cura di te, ritrova energia e leggerezza in un ambiente pensato per il tuo completo relax.<\/div>\r\n         \r\n         \r\n      <\/div>\r\n   <\/div>\r\n<\/div>\t\t\t\t<\/div>\n\t\t\t\t<\/div>\n\t\t\t\t<div class=\"elementor-element elementor-element-7502920 elementor-widget elementor-widget-gva-heading-block\" data-id=\"7502920\" data-element_type=\"widget\" data-widget_type=\"gva-heading-block.default\">\n\t\t\t\t<div class=\"elementor-widget-container\">\n\t\t\t\t\t<div class=\"gva-element-gva-heading-block gva-element\">   <div class=\"align-center style-2 widget gsc-heading box-align-left auto-responsive\">\r\n      <div class=\"content-inner\">\r\n         \r\n                  \r\n           \r\n         \r\n                     <h3 class=\"title\">\r\n               <span>Area Relax con Selezione di T\u00e8 alle Erbe<\/span>\r\n            <\/h3>\r\n                  \r\n                     <div class=\"title-desc\">Ritirati nell'area relax, un angolo sereno dove potrai degustare una vasta selezione di t\u00e8 alle erbe, scelti per le loro propriet\u00e0 calmanti e ristorative. Sorseggia il tuo t\u00e8 preferito in un ambiente tranquillo, lasciando che i suoi aromi contribuiscano a un senso di pace interiore.<\/div>\r\n         \r\n         \r\n      <\/div>\r\n   <\/div>\r\n<\/div>\t\t\t\t<\/div>\n\t\t\t\t<\/div>\n\t\t\t\t\t<\/div>\n\t\t<\/div>\n\t\t\t\t\t<\/div>\n\t\t<\/section>\n\t\t\t\t<section class=\"elementor-section elementor-top-section elementor-element elementor-element-1ead75c elementor-section-boxed elementor-section-height-default elementor-section-height-default\" data-id=\"1ead75c\" data-element_type=\"section\">\n\t\t\t\t\t\t<div class=\"elementor-container elementor-column-gap-default\">\n\t\t\t\t\t<div class=\"elementor-column elementor-col-100 elementor-top-column elementor-element elementor-element-0b53bcb\" data-id=\"0b53bcb\" data-element_type=\"column\">\n\t\t\t<div class=\"elementor-widget-wrap elementor-element-populated\">\n\t\t\t\t\t\t<div class=\"elementor-element elementor-element-a178091 elementor-widget elementor-widget-image\" data-id=\"a178091\" data-element_type=\"widget\" data-widget_type=\"image.default\">\n\t\t\t\t<div class=\"elementor-widget-container\">\n\t\t\t\t\t\t\t\t\t\t\t\t\t\t\t<img fetchpriority=\"high\" decoding=\"async\" width=\"600\" height=\"540\" src=\"https:\/\/sappada.maisonboutique.it\/wp-content\/uploads\/2025\/07\/DSC_9299_2_1-600x540.jpg\" class=\"attachment-medium size-medium wp-image-9293\" alt=\"\" srcset=\"https:\/\/sappada.maisonboutique.it\/wp-content\/uploads\/2025\/07\/DSC_9299_2_1-600x540.jpg 600w, https:\/\/sappada.maisonboutique.it\/wp-content\/uploads\/2025\/07\/DSC_9299_2_1-14x12.jpg 14w\" sizes=\"(max-width: 600px) 100vw, 600px\" \/>\t\t\t\t\t\t\t\t\t\t\t\t\t\t\t<\/div>\n\t\t\t\t<\/div>\n\t\t\t\t\t<\/div>\n\t\t<\/div>\n\t\t\t\t\t<\/div>\n\t\t<\/section>\n\t\t\t\t<\/div>","protected":false},"excerpt":{"rendered":"<p>Immergiti in un&#8217;oasi di tranquillit\u00e0 e benessere nella nostra intima spa privata, dove il relax e la cura personale sono al centro dell&#8217;esperienza. <\/p>","protected":false},"author":1,"featured_media":980,"parent":0,"menu_order":0,"comment_status":"closed","ping_status":"closed","template":"","meta":{"_monsterinsights_skip_tracking":false,"_monsterinsights_sitenote_active":false,"_monsterinsights_sitenote_note":"","_monsterinsights_sitenote_category":0,"footnotes":""},"class_list":["post-8026","page","type-page","status-publish","has-post-thumbnail","hentry"],"yoast_head":"<!-- This site is optimized with the Yoast SEO Premium plugin v22.9 (Yoast SEO v25.5) - https:\/\/yoast.com\/wordpress\/plugins\/seo\/ -->\n<title>La nostra Private Chalets Spa - Maison Boutique Sappada - Residence Raffinato Diffuso<\/title>\n<meta name=\"description\" content=\"Immergiti in un&#039;oasi di tranquillit\u00e0 e benessere nella spa privata del vostro chalet, dove il relax e la cura personale sono al centro del...\" \/>\n<meta name=\"robots\" content=\"index, follow, max-snippet:-1, max-image-preview:large, max-video-preview:-1\" \/>\n<link rel=\"canonical\" href=\"https:\/\/sappada.maisonboutique.it\/en\/la-nostra-private-chalets-spa\/\" \/>\n<meta property=\"og:locale\" content=\"en_GB\" \/>\n<meta property=\"og:type\" content=\"article\" \/>\n<meta property=\"og:title\" content=\"La nostra Private Chalets Spa\" \/>\n<meta property=\"og:description\" content=\"Immergiti in un&#039;oasi di tranquillit\u00e0 e benessere nella nostra intima spa privata, dove il relax e la cura personale sono al centro dell&#039;esperienza. Progettata per offrire privacy e comfort, la nostra spa \u00e8 il rifugio perfetto per chi cerca un momento di pausa dalla routine quotidiana\" \/>\n<meta property=\"og:url\" content=\"https:\/\/sappada.maisonboutique.it\/en\/la-nostra-private-chalets-spa\/\" \/>\n<meta property=\"og:site_name\" content=\"Maison Boutique Sappada - Residence Raffinato Diffuso\" \/>\n<meta property=\"article:modified_time\" content=\"2025-11-13T10:59:03+00:00\" \/>\n<meta property=\"og:image\" content=\"https:\/\/sappada.maisonboutique.it\/wp-content\/uploads\/2024\/12\/Spa-orizzontale.jpg\" \/>\n\t<meta property=\"og:image:width\" content=\"2048\" \/>\n\t<meta property=\"og:image:height\" content=\"1536\" \/>\n\t<meta property=\"og:image:type\" content=\"image\/jpeg\" \/>\n<meta name=\"twitter:card\" content=\"summary_large_image\" \/>\n<meta name=\"twitter:label1\" content=\"Estimated reading time\" \/>\n\t<meta name=\"twitter:data1\" content=\"2 minutes\" \/>\n<script type=\"application\/ld+json\" class=\"yoast-schema-graph\">{\"@context\":\"https:\/\/schema.org\",\"@graph\":[{\"@type\":\"WebPage\",\"@id\":\"https:\/\/sappada.maisonboutique.it\/la-nostra-private-chalets-spa\/\",\"url\":\"https:\/\/sappada.maisonboutique.it\/la-nostra-private-chalets-spa\/\",\"name\":\"La nostra Private Chalets Spa - Maison Boutique Sappada - Residence Raffinato Diffuso\",\"isPartOf\":{\"@id\":\"https:\/\/sappada.maisonboutique.it\/#website\"},\"primaryImageOfPage\":{\"@id\":\"https:\/\/sappada.maisonboutique.it\/la-nostra-private-chalets-spa\/#primaryimage\"},\"image\":{\"@id\":\"https:\/\/sappada.maisonboutique.it\/la-nostra-private-chalets-spa\/#primaryimage\"},\"thumbnailUrl\":\"https:\/\/sappada.maisonboutique.it\/wp-content\/uploads\/2024\/04\/28-scaled.jpg\",\"datePublished\":\"2024-12-27T14:38:54+00:00\",\"dateModified\":\"2025-11-13T10:59:03+00:00\",\"description\":\"Immergiti in un'oasi di tranquillit\u00e0 e benessere nella spa privata del vostro chalet, dove il relax e la cura personale sono al centro del...\",\"breadcrumb\":{\"@id\":\"https:\/\/sappada.maisonboutique.it\/la-nostra-private-chalets-spa\/#breadcrumb\"},\"inLanguage\":\"en-GB\",\"potentialAction\":[{\"@type\":\"ReadAction\",\"target\":[\"https:\/\/sappada.maisonboutique.it\/la-nostra-private-chalets-spa\/\"]}]},{\"@type\":\"ImageObject\",\"inLanguage\":\"en-GB\",\"@id\":\"https:\/\/sappada.maisonboutique.it\/la-nostra-private-chalets-spa\/#primaryimage\",\"url\":\"https:\/\/sappada.maisonboutique.it\/wp-content\/uploads\/2024\/04\/28-scaled.jpg\",\"contentUrl\":\"https:\/\/sappada.maisonboutique.it\/wp-content\/uploads\/2024\/04\/28-scaled.jpg\",\"width\":2560,\"height\":1775},{\"@type\":\"BreadcrumbList\",\"@id\":\"https:\/\/sappada.maisonboutique.it\/la-nostra-private-chalets-spa\/#breadcrumb\",\"itemListElement\":[{\"@type\":\"ListItem\",\"position\":1,\"name\":\"Home\",\"item\":\"https:\/\/sappada.maisonboutique.it\/\"},{\"@type\":\"ListItem\",\"position\":2,\"name\":\"La nostra Private Chalets Spa\"}]},{\"@type\":\"WebSite\",\"@id\":\"https:\/\/sappada.maisonboutique.it\/#website\",\"url\":\"https:\/\/sappada.maisonboutique.it\/\",\"name\":\"Maison Boutique Sappada\",\"description\":\"Un mondo di relax a Sappada\",\"publisher\":{\"@id\":\"https:\/\/sappada.maisonboutique.it\/#organization\"},\"alternateName\":\"Affitto Appartamenti Sappada\",\"potentialAction\":[{\"@type\":\"SearchAction\",\"target\":{\"@type\":\"EntryPoint\",\"urlTemplate\":\"https:\/\/sappada.maisonboutique.it\/?s={search_term_string}\"},\"query-input\":{\"@type\":\"PropertyValueSpecification\",\"valueRequired\":true,\"valueName\":\"search_term_string\"}}],\"inLanguage\":\"en-GB\"},{\"@type\":\"Organization\",\"@id\":\"https:\/\/sappada.maisonboutique.it\/#organization\",\"name\":\"Maison Boutique\",\"alternateName\":\"Wellness Holidays S.r.l.\",\"url\":\"https:\/\/sappada.maisonboutique.it\/\",\"logo\":{\"@type\":\"ImageObject\",\"inLanguage\":\"en-GB\",\"@id\":\"https:\/\/sappada.maisonboutique.it\/#\/schema\/logo\/image\/\",\"url\":\"https:\/\/sappada.maisonboutique.it\/wp-content\/uploads\/2024\/05\/cropped-favico.png\",\"contentUrl\":\"https:\/\/sappada.maisonboutique.it\/wp-content\/uploads\/2024\/05\/cropped-favico.png\",\"width\":512,\"height\":512,\"caption\":\"Maison Boutique\"},\"image\":{\"@id\":\"https:\/\/sappada.maisonboutique.it\/#\/schema\/logo\/image\/\"},\"email\":\"info@wellnesholidays.it\",\"telephone\":\"+39 0432 501265\",\"legalName\":\"Wellness Holidays S.r.l.\"}]}<\/script>\n<!-- \/ Yoast SEO Premium plugin. -->","yoast_head_json":{"title":"La nostra Private Chalets Spa - Maison Boutique Sappada - Residence Raffinato Diffuso","description":"Immergiti in un'oasi di tranquillit\u00e0 e benessere nella spa privata del vostro chalet, dove il relax e la cura personale sono al centro del...","robots":{"index":"index","follow":"follow","max-snippet":"max-snippet:-1","max-image-preview":"max-image-preview:large","max-video-preview":"max-video-preview:-1"},"canonical":"https:\/\/sappada.maisonboutique.it\/en\/la-nostra-private-chalets-spa\/","og_locale":"en_GB","og_type":"article","og_title":"La nostra Private Chalets Spa","og_description":"Immergiti in un'oasi di tranquillit\u00e0 e benessere nella nostra intima spa privata, dove il relax e la cura personale sono al centro dell'esperienza. Progettata per offrire privacy e comfort, la nostra spa \u00e8 il rifugio perfetto per chi cerca un momento di pausa dalla routine quotidiana","og_url":"https:\/\/sappada.maisonboutique.it\/en\/la-nostra-private-chalets-spa\/","og_site_name":"Maison Boutique Sappada - Residence Raffinato Diffuso","article_modified_time":"2025-11-13T10:59:03+00:00","og_image":[{"width":2048,"height":1536,"url":"https:\/\/sappada.maisonboutique.it\/wp-content\/uploads\/2024\/12\/Spa-orizzontale.jpg","type":"image\/jpeg"}],"twitter_card":"summary_large_image","twitter_misc":{"Estimated reading time":"2 minutes"},"schema":{"@context":"https:\/\/schema.org","@graph":[{"@type":"WebPage","@id":"https:\/\/sappada.maisonboutique.it\/la-nostra-private-chalets-spa\/","url":"https:\/\/sappada.maisonboutique.it\/la-nostra-private-chalets-spa\/","name":"La nostra Private Chalets Spa - Maison Boutique Sappada - Residence Raffinato Diffuso","isPartOf":{"@id":"https:\/\/sappada.maisonboutique.it\/#website"},"primaryImageOfPage":{"@id":"https:\/\/sappada.maisonboutique.it\/la-nostra-private-chalets-spa\/#primaryimage"},"image":{"@id":"https:\/\/sappada.maisonboutique.it\/la-nostra-private-chalets-spa\/#primaryimage"},"thumbnailUrl":"https:\/\/sappada.maisonboutique.it\/wp-content\/uploads\/2024\/04\/28-scaled.jpg","datePublished":"2024-12-27T14:38:54+00:00","dateModified":"2025-11-13T10:59:03+00:00","description":"Immergiti in un'oasi di tranquillit\u00e0 e benessere nella spa privata del vostro chalet, dove il relax e la cura personale sono al centro del...","breadcrumb":{"@id":"https:\/\/sappada.maisonboutique.it\/la-nostra-private-chalets-spa\/#breadcrumb"},"inLanguage":"en-GB","potentialAction":[{"@type":"ReadAction","target":["https:\/\/sappada.maisonboutique.it\/la-nostra-private-chalets-spa\/"]}]},{"@type":"ImageObject","inLanguage":"en-GB","@id":"https:\/\/sappada.maisonboutique.it\/la-nostra-private-chalets-spa\/#primaryimage","url":"https:\/\/sappada.maisonboutique.it\/wp-content\/uploads\/2024\/04\/28-scaled.jpg","contentUrl":"https:\/\/sappada.maisonboutique.it\/wp-content\/uploads\/2024\/04\/28-scaled.jpg","width":2560,"height":1775},{"@type":"BreadcrumbList","@id":"https:\/\/sappada.maisonboutique.it\/la-nostra-private-chalets-spa\/#breadcrumb","itemListElement":[{"@type":"ListItem","position":1,"name":"Home","item":"https:\/\/sappada.maisonboutique.it\/"},{"@type":"ListItem","position":2,"name":"La nostra Private Chalets Spa"}]},{"@type":"WebSite","@id":"https:\/\/sappada.maisonboutique.it\/#website","url":"https:\/\/sappada.maisonboutique.it\/","name":"Maison Boutique Sappada","description":"Un mondo di relax a Sappada","publisher":{"@id":"https:\/\/sappada.maisonboutique.it\/#organization"},"alternateName":"Affitto Appartamenti Sappada","potentialAction":[{"@type":"SearchAction","target":{"@type":"EntryPoint","urlTemplate":"https:\/\/sappada.maisonboutique.it\/?s={search_term_string}"},"query-input":{"@type":"PropertyValueSpecification","valueRequired":true,"valueName":"search_term_string"}}],"inLanguage":"en-GB"},{"@type":"Organization","@id":"https:\/\/sappada.maisonboutique.it\/#organization","name":"Maison Boutique","alternateName":"Wellness Holidays S.r.l.","url":"https:\/\/sappada.maisonboutique.it\/","logo":{"@type":"ImageObject","inLanguage":"en-GB","@id":"https:\/\/sappada.maisonboutique.it\/#\/schema\/logo\/image\/","url":"https:\/\/sappada.maisonboutique.it\/wp-content\/uploads\/2024\/05\/cropped-favico.png","contentUrl":"https:\/\/sappada.maisonboutique.it\/wp-content\/uploads\/2024\/05\/cropped-favico.png","width":512,"height":512,"caption":"Maison Boutique"},"image":{"@id":"https:\/\/sappada.maisonboutique.it\/#\/schema\/logo\/image\/"},"email":"info@wellnesholidays.it","telephone":"+39 0432 501265","legalName":"Wellness Holidays S.r.l."}]}},"_links":{"self":[{"href":"https:\/\/sappada.maisonboutique.it\/en\/wp-json\/wp\/v2\/pages\/8026","targetHints":{"allow":["GET"]}}],"collection":[{"href":"https:\/\/sappada.maisonboutique.it\/en\/wp-json\/wp\/v2\/pages"}],"about":[{"href":"https:\/\/sappada.maisonboutique.it\/en\/wp-json\/wp\/v2\/types\/page"}],"author":[{"embeddable":true,"href":"https:\/\/sappada.maisonboutique.it\/en\/wp-json\/wp\/v2\/users\/1"}],"replies":[{"embeddable":true,"href":"https:\/\/sappada.maisonboutique.it\/en\/wp-json\/wp\/v2\/comments?post=8026"}],"version-history":[{"count":0,"href":"https:\/\/sappada.maisonboutique.it\/en\/wp-json\/wp\/v2\/pages\/8026\/revisions"}],"wp:featuredmedia":[{"embeddable":true,"href":"https:\/\/sappada.maisonboutique.it\/en\/wp-json\/wp\/v2\/media\/980"}],"wp:attachment":[{"href":"https:\/\/sappada.maisonboutique.it\/en\/wp-json\/wp\/v2\/media?parent=8026"}],"curies":[{"name":"wp","href":"https:\/\/api.w.org\/{rel}","templated":true}]}}