{"id":878,"date":"2024-04-29T14:40:38","date_gmt":"2024-04-29T14:40:38","guid":{"rendered":"https:\/\/sappada.maisonboutique.it\/?page_id=878"},"modified":"2025-11-13T10:57:14","modified_gmt":"2025-11-13T10:57:14","slug":"fior-dalpe-sappada","status":"publish","type":"page","link":"https:\/\/sappada.maisonboutique.it\/en\/fior-dalpe-sappada\/","title":{"rendered":"Fior d&#8217;Alpe Sappada"},"content":{"rendered":"<div data-elementor-type=\"wp-page\" data-elementor-id=\"878\" class=\"elementor elementor-878\" data-elementor-post-type=\"page\">\n\t\t\t\t\t\t<section class=\"elementor-section elementor-top-section elementor-element elementor-element-c597c4d elementor-section-boxed elementor-section-height-default elementor-section-height-default\" data-id=\"c597c4d\" data-element_type=\"section\" data-settings=\"{&quot;background_background&quot;:&quot;classic&quot;}\">\n\t\t\t\t\t\t<div class=\"elementor-container elementor-column-gap-default\">\n\t\t\t\t\t<div class=\"elementor-column elementor-col-100 elementor-top-column elementor-element elementor-element-d5c12f8\" data-id=\"d5c12f8\" data-element_type=\"column\">\n\t\t\t<div class=\"elementor-widget-wrap elementor-element-populated\">\n\t\t\t\t\t\t<div class=\"elementor-element elementor-element-d5cb358 elementor-widget elementor-widget-gva-heading-block\" data-id=\"d5cb358\" data-element_type=\"widget\" data-widget_type=\"gva-heading-block.default\">\n\t\t\t\t<div class=\"elementor-widget-container\">\n\t\t\t\t\t<div class=\"gva-element-gva-heading-block gva-element\">   <div class=\"align-left style-1 widget gsc-heading box-align-left auto-responsive\">\r\n      <div class=\"content-inner\">\r\n         \r\n                  \r\n           \r\n         \r\n                     <h2 class=\"title\">\r\n               <span>Fior d'Alpe<\/span>\r\n            <\/h2>\r\n                  \r\n         \r\n         \r\n      <\/div>\r\n   <\/div>\r\n<\/div>\t\t\t\t<\/div>\n\t\t\t\t<\/div>\n\t\t\t\t\t<\/div>\n\t\t<\/div>\n\t\t\t\t\t<\/div>\n\t\t<\/section>\n\t\t\t\t<section class=\"elementor-section elementor-top-section elementor-element elementor-element-ba5f325 elementor-section-boxed elementor-section-height-default elementor-section-height-default\" data-id=\"ba5f325\" data-element_type=\"section\">\n\t\t\t\t\t\t<div class=\"elementor-container elementor-column-gap-default\">\n\t\t\t\t\t<div class=\"elementor-column elementor-col-50 elementor-top-column elementor-element elementor-element-94a9850\" data-id=\"94a9850\" data-element_type=\"column\">\n\t\t\t<div class=\"elementor-widget-wrap elementor-element-populated\">\n\t\t\t\t\t\t<div class=\"elementor-element elementor-element-8194376 elementor-widget__width-initial elementor-widget elementor-widget-gva-image-content\" data-id=\"8194376\" data-element_type=\"widget\" data-widget_type=\"gva-image-content.default\">\n\t\t\t\t<div class=\"elementor-widget-container\">\n\t\t\t\t\t<div class=\"gva-element-gva-image-content gva-element\">\t\t\r\n\t  \r\n\t \r\n\r\n\t\t\t<div class=\"about-two__single\">\r\n\t\t  \t<div class=\"about-two__image\"><div class=\"content-inner\"><img decoding=\"async\" src=\"https:\/\/sappada.maisonboutique.it\/wp-content\/uploads\/2024\/11\/coverinvernalefda.jpg\" alt=\"9.6\" \/><\/div><div class=\"about-two__logo\"><img decoding=\"async\" src=\"https:\/\/sappada.maisonboutique.it\/wp-content\/uploads\/2024\/04\/logombwhitesmall.png\" alt=\"9.6\" \/><\/div><\/div><div class=\"about-two__image-second\"><div class=\"content-inner\"><img decoding=\"async\" src=\"https:\/\/sappada.maisonboutique.it\/wp-content\/uploads\/2024\/04\/app2_05-scaled.jpg\" alt=\"9.6\" \/><\/div><\/div><div class=\"about-two__box-content\"><div class=\"about-two__box-content-inner\"><div class=\"about-two__title\">9.6<\/div><div class=\"about-two__desc\">Booking\nAward<\/div><\/div><\/div>\t\t<\/div>\r\n\t \r\n\r\n\t\r\n\t \r\n  \r\n \r\n\r\n\r\n <\/div>\t\t\t\t<\/div>\n\t\t\t\t<\/div>\n\t\t\t\t\t<\/div>\n\t\t<\/div>\n\t\t\t\t<div class=\"elementor-column elementor-col-50 elementor-top-column elementor-element elementor-element-ee8a7bc\" data-id=\"ee8a7bc\" data-element_type=\"column\">\n\t\t\t<div class=\"elementor-widget-wrap elementor-element-populated\">\n\t\t\t\t\t\t<div class=\"elementor-element elementor-element-85b6358 elementor-widget elementor-widget-gva-heading-block\" data-id=\"85b6358\" data-element_type=\"widget\" data-widget_type=\"gva-heading-block.default\">\n\t\t\t\t<div class=\"elementor-widget-container\">\n\t\t\t\t\t<div class=\"gva-element-gva-heading-block gva-element\">   <div class=\"align-center style-1 widget gsc-heading box-align-left auto-responsive\">\r\n      <div class=\"content-inner\">\r\n         \r\n                  \r\n         <div class=\"sub-title\"><span class=\"tagline\">Scopri la dependance Fior d&#039;Alpe<\/span><\/div>  \r\n         \r\n                     <h2 class=\"title\">\r\n               <span>Away from the hustle and bustle<\/span>\r\n            <\/h2>\r\n                  \r\n         \r\n         \r\n      <\/div>\r\n   <\/div>\r\n<\/div>\t\t\t\t<\/div>\n\t\t\t\t<\/div>\n\t\t\t\t<div class=\"elementor-element elementor-element-53f4876 elementor-widget elementor-widget-gva_icon_box_group\" data-id=\"53f4876\" data-element_type=\"widget\" data-widget_type=\"gva_icon_box_group.default\">\n\t\t\t\t<div class=\"elementor-widget-container\">\n\t\t\t\t\t<div class=\"gva-element-gva_icon_box_group gva-element\">\r\n<div class=\"gsc-icon-box-group iconboxs-layout-list\">\r\n\t\r\n<div class=\"icon-box-item elementor-repeater-item-1b672dd\">\r\n\t\t<div class=\"feature-list-one__single\"><div class=\"feature-list-one__wrapper\"><div class=\"feature-list-one__icon-inner\"><div class=\"feature-list-one__icon-check\"><\/div><div class=\"feature-list-one__icon\"><i aria-hidden=\"true\" class=\"fas fa-eye\"><\/i><\/div><\/div><div class=\"feature-list-one__content\"><h3 class=\"feature-list-one__title\">Raffinatezza & Privacy<\/h3><div class=\"feature-list-one__desc\">Apartments meticulously detailed and maximum privacy for our guests<\/div><\/div><\/div><\/div>\r\n\t\t<\/div>\r\n<div class=\"icon-box-item elementor-repeater-item-44dbe9d\">\r\n\t\t<div class=\"feature-list-one__single\"><div class=\"feature-list-one__wrapper\"><div class=\"feature-list-one__icon-inner\"><div class=\"feature-list-one__icon-check\"><\/div><div class=\"feature-list-one__icon\"><i aria-hidden=\"true\" class=\"fas fa-unlock-alt\"><\/i><\/div><\/div><div class=\"feature-list-one__content\"><h3 class=\"feature-list-one__title\">Smart Self Check-in<\/h3><div class=\"feature-list-one__desc\">Gestita interamente con la app il check-in \u00e8 automatizzato e disponibile dalle 15.00<\/div><\/div><\/div><\/div>\r\n\t\t<\/div>\r\n<div class=\"icon-box-item elementor-repeater-item-c082493\">\r\n\t\t<div class=\"feature-list-one__single\"><div class=\"feature-list-one__wrapper\"><div class=\"feature-list-one__icon-inner\"><div class=\"feature-list-one__icon-check\"><\/div><div class=\"feature-list-one__icon\"><i aria-hidden=\"true\" class=\"fas fa-sun\"><\/i><\/div><\/div><div class=\"feature-list-one__content\"><h3 class=\"feature-list-one__title\">Solarium<\/h3><div class=\"feature-list-one__desc\">La nostra terrazza solarium \u00e8 un'oasi esclusiva pensata per il relax e il benessere dei nostri ospiti.<\/div><\/div><\/div><\/div>\r\n\t\t<\/div><\/div>\r\n<\/div>\t\t\t\t<\/div>\n\t\t\t\t<\/div>\n\t\t\t\t\t<\/div>\n\t\t<\/div>\n\t\t\t\t\t<\/div>\n\t\t<\/section>\n\t\t\t\t<section class=\"elementor-section elementor-top-section elementor-element elementor-element-1037559 elementor-section-boxed elementor-section-height-default elementor-section-height-default\" data-id=\"1037559\" data-element_type=\"section\">\n\t\t\t\t\t\t<div class=\"elementor-container elementor-column-gap-default\">\n\t\t\t\t\t<div class=\"elementor-column elementor-col-100 elementor-top-column elementor-element elementor-element-c9c3bdd\" data-id=\"c9c3bdd\" data-element_type=\"column\">\n\t\t\t<div class=\"elementor-widget-wrap elementor-element-populated\">\n\t\t\t\t\t\t<div class=\"elementor-element elementor-element-7fca72e elementor-widget elementor-widget-heading\" data-id=\"7fca72e\" data-element_type=\"widget\" data-widget_type=\"heading.default\">\n\t\t\t\t<div class=\"elementor-widget-container\">\n\t\t\t\t\t<h1 class=\"elementor-heading-title elementor-size-default\">Welcome to Fior d'Alpe<\/h1>\t\t\t\t<\/div>\n\t\t\t\t<\/div>\n\t\t\t\t<div class=\"elementor-element elementor-element-78ab927 elementor-widget elementor-widget-text-editor\" data-id=\"78ab927\" data-element_type=\"widget\" data-widget_type=\"text-editor.default\">\n\t\t\t\t<div class=\"elementor-widget-container\">\n\t\t\t\t\t\t\t\t\t<h3>Smart Residence and Ski Resort in the Dolomites with Solarium Terrace and breathtaking views<\/h3><p>Benvenuti alla Maison Boutique Fior d&#8217;Alpe Dependance del Residence Cavanis nella localit\u00e0 sciistica di Sappada sulle Dolomiti del Friuli-Venezia Giulia e vicino al confine italo-austriaco. Una residenza calda, moderna e baciata dal sole, circondata dalla bellezza alpina con otto splendidi appartamenti smart indipendenti con vista panoramica. Il check-in \u00e8 disponibile dalle ore 15:00 tramite il codice che riceverete via email e la colazione c&#8217;\u00e8 solo su richiesta. La soluzione perfetta per chi preferisce la privacy e godersi Sappada in totale flessibilit\u00e0.<\/p>\t\t\t\t\t\t\t\t<\/div>\n\t\t\t\t<\/div>\n\t\t\t\t\t<\/div>\n\t\t<\/div>\n\t\t\t\t\t<\/div>\n\t\t<\/section>\n\t\t\t\t<section class=\"elementor-section elementor-top-section elementor-element elementor-element-2083a7c elementor-section-boxed elementor-section-height-default elementor-section-height-default\" data-id=\"2083a7c\" data-element_type=\"section\">\n\t\t\t\t\t\t<div class=\"elementor-container elementor-column-gap-default\">\n\t\t\t\t\t<div class=\"elementor-column elementor-col-25 elementor-top-column elementor-element elementor-element-0191c04\" data-id=\"0191c04\" data-element_type=\"column\">\n\t\t\t<div class=\"elementor-widget-wrap elementor-element-populated\">\n\t\t\t\t\t\t<div class=\"elementor-element elementor-element-9b2ad77 elementor-widget elementor-widget-ba_banner\" data-id=\"9b2ad77\" data-element_type=\"widget\" data-widget_type=\"ba_banner.default\">\n\t\t\t\t<div class=\"elementor-widget-container\">\n\t\t\t\t\t<div class=\"gva-element-ba_banner gva-element\">\r\n<div class=\"lt-banner-one__single text-left\"><div class=\"lt-banner-one__wrap\"><div class=\"lt-banner-one__image\"><img decoding=\"async\" src=\"https:\/\/sappada.maisonboutique.it\/wp-content\/uploads\/2024\/04\/01-2.jpg\" alt=\"with Private Patio\" \/><\/div><div class=\"lt-banner-one__content\"><div class=\"lt-banner-one__subtitle\">Smart Apartment<\/div><h3 class=\"lt-banner-one__title\">with Private Patio<\/h3><\/div><a class=\"lt-banner-one__link\"  href=\"\/index.php\/appartamento-smart-con-patio-privato\"><\/a><\/div><\/div>\r\n\r\n<\/div>\t\t\t\t<\/div>\n\t\t\t\t<\/div>\n\t\t\t\t\t<\/div>\n\t\t<\/div>\n\t\t\t\t<div class=\"elementor-column elementor-col-25 elementor-top-column elementor-element elementor-element-1ee5f58\" data-id=\"1ee5f58\" data-element_type=\"column\">\n\t\t\t<div class=\"elementor-widget-wrap elementor-element-populated\">\n\t\t\t\t\t\t<div class=\"elementor-element elementor-element-039cb3f elementor-widget elementor-widget-ba_banner\" data-id=\"039cb3f\" data-element_type=\"widget\" data-widget_type=\"ba_banner.default\">\n\t\t\t\t<div class=\"elementor-widget-container\">\n\t\t\t\t\t<div class=\"gva-element-ba_banner gva-element\">\r\n<div class=\"lt-banner-one__single text-left\"><div class=\"lt-banner-one__wrap\"><div class=\"lt-banner-one__image\"><img decoding=\"async\" src=\"https:\/\/sappada.maisonboutique.it\/wp-content\/uploads\/2024\/04\/01-1.jpg\" alt=\"Ground Floor with View\" \/><\/div><div class=\"lt-banner-one__content\"><div class=\"lt-banner-one__subtitle\">Smart Apartment<\/div><h3 class=\"lt-banner-one__title\">Ground Floor with View<\/h3><\/div><a class=\"lt-banner-one__link\"  href=\"\/index.php\/appartamento-smart-pian-terreno-con-vista\"><\/a><\/div><\/div>\r\n\r\n<\/div>\t\t\t\t<\/div>\n\t\t\t\t<\/div>\n\t\t\t\t\t<\/div>\n\t\t<\/div>\n\t\t\t\t<div class=\"elementor-column elementor-col-50 elementor-top-column elementor-element elementor-element-3c63174\" data-id=\"3c63174\" data-element_type=\"column\">\n\t\t\t<div class=\"elementor-widget-wrap elementor-element-populated\">\n\t\t\t\t\t\t<div class=\"elementor-element elementor-element-e3fef88 elementor-widget elementor-widget-ba_banner\" data-id=\"e3fef88\" data-element_type=\"widget\" data-widget_type=\"ba_banner.default\">\n\t\t\t\t<div class=\"elementor-widget-container\">\n\t\t\t\t\t<div class=\"gva-element-ba_banner gva-element\">\r\n<div class=\"lt-banner-one__single text-left\"><div class=\"lt-banner-one__wrap\"><div class=\"lt-banner-one__image\"><img decoding=\"async\" src=\"https:\/\/sappada.maisonboutique.it\/wp-content\/uploads\/2024\/04\/01-thumb.jpg\" alt=\"Deluxe with Balcony and View\" \/><\/div><div class=\"lt-banner-one__content\"><div class=\"lt-banner-one__subtitle\">Smart Apartment<\/div><h3 class=\"lt-banner-one__title\">Deluxe with Balcony and View<\/h3><\/div><a class=\"lt-banner-one__link\"  href=\"\/index.php\/appartamento-smart-deluxe-con-balcone-e-vista\"><\/a><\/div><\/div>\r\n\r\n<\/div>\t\t\t\t<\/div>\n\t\t\t\t<\/div>\n\t\t\t\t\t<\/div>\n\t\t<\/div>\n\t\t\t\t\t<\/div>\n\t\t<\/section>\n\t\t\t\t<section class=\"elementor-section elementor-top-section elementor-element elementor-element-736a229 elementor-section-boxed elementor-section-height-default elementor-section-height-default\" data-id=\"736a229\" data-element_type=\"section\">\n\t\t\t\t\t\t<div class=\"elementor-container elementor-column-gap-default\">\n\t\t\t\t\t<div class=\"elementor-column elementor-col-50 elementor-top-column elementor-element elementor-element-6f596ae\" data-id=\"6f596ae\" data-element_type=\"column\">\n\t\t\t<div class=\"elementor-widget-wrap elementor-element-populated\">\n\t\t\t\t\t\t<div class=\"elementor-element elementor-element-3e83e7b elementor-widget elementor-widget-ba_banner\" data-id=\"3e83e7b\" data-element_type=\"widget\" data-widget_type=\"ba_banner.default\">\n\t\t\t\t<div class=\"elementor-widget-container\">\n\t\t\t\t\t<div class=\"gva-element-ba_banner gva-element\">\r\n<div class=\"lt-banner-one__single text-left\"><div class=\"lt-banner-one__wrap\"><div class=\"lt-banner-one__image\"><img decoding=\"async\" src=\"https:\/\/sappada.maisonboutique.it\/wp-content\/uploads\/2024\/04\/PSX_20230201_085249-scaled.jpg\" alt=\"Deluxe Penthouse with Balcony and View\" \/><\/div><div class=\"lt-banner-one__content\"><div class=\"lt-banner-one__subtitle\">Smart Apartment<\/div><h3 class=\"lt-banner-one__title\">Deluxe Penthouse with Balcony and View<\/h3><\/div><a class=\"lt-banner-one__link\"  href=\"\/index.php\/appartamento-smart-attico-deluxe-con-balcone-e-vista\"><\/a><\/div><\/div>\r\n\r\n<\/div>\t\t\t\t<\/div>\n\t\t\t\t<\/div>\n\t\t\t\t\t<\/div>\n\t\t<\/div>\n\t\t\t\t<div class=\"elementor-column elementor-col-50 elementor-top-column elementor-element elementor-element-929f1d1\" data-id=\"929f1d1\" data-element_type=\"column\">\n\t\t\t<div class=\"elementor-widget-wrap elementor-element-populated\">\n\t\t\t\t\t\t<div class=\"elementor-element elementor-element-d4d610f elementor-widget elementor-widget-ba_banner\" data-id=\"d4d610f\" data-element_type=\"widget\" data-widget_type=\"ba_banner.default\">\n\t\t\t\t<div class=\"elementor-widget-container\">\n\t\t\t\t\t<div class=\"gva-element-ba_banner gva-element\">\r\n\r\n<div class=\"lt-banner-two__single text-left\"><div class=\"lt-banner-two__wrap\"><div class=\"lt-banner-two__image\"><img decoding=\"async\" src=\"https:\/\/sappada.maisonboutique.it\/wp-content\/uploads\/2024\/04\/PSX_20230131_205303-scaled.jpg\" alt=\"Resident in FVG? Use the TUReSTA Voucher\" \/><\/div><div class=\"lt-banner-two__content\"><div class=\"lt-banner-two__subtitle\">Fino a \u20ac 480<\/div><h3 class=\"lt-banner-two__title\">Resident in FVG? Use the TUReSTA Voucher<\/h3><a class=\"lt-banner-two__btn btn-white\" href=\"https:\/\/sappada.maisonboutique.it\/en\/voucher-turesta-friuli-venezia-giulia\/\">Scopri di pi\u00f9<\/a><\/div><a class=\"lt-banner-two__link\" href=\"https:\/\/sappada.maisonboutique.it\/en\/voucher-turesta-friuli-venezia-giulia\/\"><\/a><\/div><\/div>\r\n<\/div>\t\t\t\t<\/div>\n\t\t\t\t<\/div>\n\t\t\t\t\t<\/div>\n\t\t<\/div>\n\t\t\t\t\t<\/div>\n\t\t<\/section>\n\t\t\t\t<\/div>","protected":false},"excerpt":{"rendered":"<p>Maison Boutique Fior d&#8217;Alpe Dependance del Residence Cavanis nella localit\u00e0 sciistica di Sappada sulle Dolomiti <\/p>","protected":false},"author":1,"featured_media":459,"parent":0,"menu_order":0,"comment_status":"closed","ping_status":"closed","template":"","meta":{"_monsterinsights_skip_tracking":false,"_monsterinsights_sitenote_active":false,"_monsterinsights_sitenote_note":"","_monsterinsights_sitenote_category":0,"footnotes":""},"class_list":["post-878","page","type-page","status-publish","has-post-thumbnail","hentry"],"yoast_head":"<!-- This site is optimized with the Yoast SEO Premium plugin v22.9 (Yoast SEO v25.5) - https:\/\/yoast.com\/wordpress\/plugins\/seo\/ -->\n<title>Fior d&#039;Alpe Sappada - Maison Boutique Sappada - Residence Raffinato Diffuso<\/title>\n<meta name=\"robots\" content=\"index, follow, max-snippet:-1, max-image-preview:large, max-video-preview:-1\" \/>\n<link rel=\"canonical\" href=\"https:\/\/sappada.maisonboutique.it\/en\/fior-dalpe-sappada\/\" \/>\n<meta property=\"og:locale\" content=\"en_GB\" \/>\n<meta property=\"og:type\" content=\"article\" \/>\n<meta property=\"og:title\" content=\"Fior d&#039;Alpe Sappada - Maison Boutique Sappada - Residence Raffinato Diffuso\" \/>\n<meta property=\"og:description\" content=\"Benvenuti alla Maison Boutique Fior d&#039;Alpe Dependance del Residence Cavanis nella localit\u00e0 sciistica di Sappada sulle Dolomiti del Friuli-Venezia Giulia e vicino al confine italo-austriaco.\" \/>\n<meta property=\"og:url\" content=\"https:\/\/sappada.maisonboutique.it\/en\/fior-dalpe-sappada\/\" \/>\n<meta property=\"og:site_name\" content=\"Maison Boutique Sappada - Residence Raffinato Diffuso\" \/>\n<meta property=\"article:modified_time\" content=\"2025-11-13T10:57:14+00:00\" \/>\n<meta property=\"og:image\" content=\"https:\/\/sappada.maisonboutique.it\/wp-content\/uploads\/2024\/04\/GAB_4235.jpg\" \/>\n\t<meta property=\"og:image:width\" content=\"1535\" \/>\n\t<meta property=\"og:image:height\" content=\"1024\" \/>\n\t<meta property=\"og:image:type\" content=\"image\/jpeg\" \/>\n<meta name=\"twitter:card\" content=\"summary_large_image\" \/>\n<meta name=\"twitter:title\" content=\"Fior d&#039;Alpe Sappada\" \/>\n<meta name=\"twitter:label1\" content=\"Estimated reading time\" \/>\n\t<meta name=\"twitter:data1\" content=\"3 minutes\" \/>\n<script type=\"application\/ld+json\" class=\"yoast-schema-graph\">{\"@context\":\"https:\/\/schema.org\",\"@graph\":[{\"@type\":\"WebPage\",\"@id\":\"https:\/\/sappada.maisonboutique.it\/fior-dalpe-sappada\/\",\"url\":\"https:\/\/sappada.maisonboutique.it\/fior-dalpe-sappada\/\",\"name\":\"Fior d'Alpe Sappada - Maison Boutique Sappada - Residence Raffinato Diffuso\",\"isPartOf\":{\"@id\":\"https:\/\/sappada.maisonboutique.it\/#website\"},\"primaryImageOfPage\":{\"@id\":\"https:\/\/sappada.maisonboutique.it\/fior-dalpe-sappada\/#primaryimage\"},\"image\":{\"@id\":\"https:\/\/sappada.maisonboutique.it\/fior-dalpe-sappada\/#primaryimage\"},\"thumbnailUrl\":\"https:\/\/sappada.maisonboutique.it\/wp-content\/uploads\/2024\/04\/GAB_4235.jpg\",\"datePublished\":\"2024-04-29T14:40:38+00:00\",\"dateModified\":\"2025-11-13T10:57:14+00:00\",\"breadcrumb\":{\"@id\":\"https:\/\/sappada.maisonboutique.it\/fior-dalpe-sappada\/#breadcrumb\"},\"inLanguage\":\"en-GB\",\"potentialAction\":[{\"@type\":\"ReadAction\",\"target\":[\"https:\/\/sappada.maisonboutique.it\/fior-dalpe-sappada\/\"]}]},{\"@type\":\"ImageObject\",\"inLanguage\":\"en-GB\",\"@id\":\"https:\/\/sappada.maisonboutique.it\/fior-dalpe-sappada\/#primaryimage\",\"url\":\"https:\/\/sappada.maisonboutique.it\/wp-content\/uploads\/2024\/04\/GAB_4235.jpg\",\"contentUrl\":\"https:\/\/sappada.maisonboutique.it\/wp-content\/uploads\/2024\/04\/GAB_4235.jpg\",\"width\":1535,\"height\":1024},{\"@type\":\"BreadcrumbList\",\"@id\":\"https:\/\/sappada.maisonboutique.it\/fior-dalpe-sappada\/#breadcrumb\",\"itemListElement\":[{\"@type\":\"ListItem\",\"position\":1,\"name\":\"Home\",\"item\":\"https:\/\/sappada.maisonboutique.it\/\"},{\"@type\":\"ListItem\",\"position\":2,\"name\":\"Fior d&#8217;Alpe Sappada\"}]},{\"@type\":\"WebSite\",\"@id\":\"https:\/\/sappada.maisonboutique.it\/#website\",\"url\":\"https:\/\/sappada.maisonboutique.it\/\",\"name\":\"Maison Boutique Sappada\",\"description\":\"Un mondo di relax a Sappada\",\"publisher\":{\"@id\":\"https:\/\/sappada.maisonboutique.it\/#organization\"},\"alternateName\":\"Affitto Appartamenti Sappada\",\"potentialAction\":[{\"@type\":\"SearchAction\",\"target\":{\"@type\":\"EntryPoint\",\"urlTemplate\":\"https:\/\/sappada.maisonboutique.it\/?s={search_term_string}\"},\"query-input\":{\"@type\":\"PropertyValueSpecification\",\"valueRequired\":true,\"valueName\":\"search_term_string\"}}],\"inLanguage\":\"en-GB\"},{\"@type\":\"Organization\",\"@id\":\"https:\/\/sappada.maisonboutique.it\/#organization\",\"name\":\"Maison Boutique\",\"alternateName\":\"Wellness Holidays S.r.l.\",\"url\":\"https:\/\/sappada.maisonboutique.it\/\",\"logo\":{\"@type\":\"ImageObject\",\"inLanguage\":\"en-GB\",\"@id\":\"https:\/\/sappada.maisonboutique.it\/#\/schema\/logo\/image\/\",\"url\":\"https:\/\/sappada.maisonboutique.it\/wp-content\/uploads\/2024\/05\/cropped-favico.png\",\"contentUrl\":\"https:\/\/sappada.maisonboutique.it\/wp-content\/uploads\/2024\/05\/cropped-favico.png\",\"width\":512,\"height\":512,\"caption\":\"Maison Boutique\"},\"image\":{\"@id\":\"https:\/\/sappada.maisonboutique.it\/#\/schema\/logo\/image\/\"},\"email\":\"info@wellnesholidays.it\",\"telephone\":\"+39 0432 501265\",\"legalName\":\"Wellness Holidays S.r.l.\"}]}<\/script>\n<!-- \/ Yoast SEO Premium plugin. -->","yoast_head_json":{"title":"Fior d'Alpe Sappada - Maison Boutique Sappada - Residence Raffinato Diffuso","robots":{"index":"index","follow":"follow","max-snippet":"max-snippet:-1","max-image-preview":"max-image-preview:large","max-video-preview":"max-video-preview:-1"},"canonical":"https:\/\/sappada.maisonboutique.it\/en\/fior-dalpe-sappada\/","og_locale":"en_GB","og_type":"article","og_title":"Fior d'Alpe Sappada - Maison Boutique Sappada - Residence Raffinato Diffuso","og_description":"Benvenuti alla Maison Boutique Fior d'Alpe Dependance del Residence Cavanis nella localit\u00e0 sciistica di Sappada sulle Dolomiti del Friuli-Venezia Giulia e vicino al confine italo-austriaco.","og_url":"https:\/\/sappada.maisonboutique.it\/en\/fior-dalpe-sappada\/","og_site_name":"Maison Boutique Sappada - Residence Raffinato Diffuso","article_modified_time":"2025-11-13T10:57:14+00:00","og_image":[{"width":1535,"height":1024,"url":"https:\/\/sappada.maisonboutique.it\/wp-content\/uploads\/2024\/04\/GAB_4235.jpg","type":"image\/jpeg"}],"twitter_card":"summary_large_image","twitter_title":"Fior d'Alpe Sappada","twitter_misc":{"Estimated reading time":"3 minutes"},"schema":{"@context":"https:\/\/schema.org","@graph":[{"@type":"WebPage","@id":"https:\/\/sappada.maisonboutique.it\/fior-dalpe-sappada\/","url":"https:\/\/sappada.maisonboutique.it\/fior-dalpe-sappada\/","name":"Fior d'Alpe Sappada - Maison Boutique Sappada - Residence Raffinato Diffuso","isPartOf":{"@id":"https:\/\/sappada.maisonboutique.it\/#website"},"primaryImageOfPage":{"@id":"https:\/\/sappada.maisonboutique.it\/fior-dalpe-sappada\/#primaryimage"},"image":{"@id":"https:\/\/sappada.maisonboutique.it\/fior-dalpe-sappada\/#primaryimage"},"thumbnailUrl":"https:\/\/sappada.maisonboutique.it\/wp-content\/uploads\/2024\/04\/GAB_4235.jpg","datePublished":"2024-04-29T14:40:38+00:00","dateModified":"2025-11-13T10:57:14+00:00","breadcrumb":{"@id":"https:\/\/sappada.maisonboutique.it\/fior-dalpe-sappada\/#breadcrumb"},"inLanguage":"en-GB","potentialAction":[{"@type":"ReadAction","target":["https:\/\/sappada.maisonboutique.it\/fior-dalpe-sappada\/"]}]},{"@type":"ImageObject","inLanguage":"en-GB","@id":"https:\/\/sappada.maisonboutique.it\/fior-dalpe-sappada\/#primaryimage","url":"https:\/\/sappada.maisonboutique.it\/wp-content\/uploads\/2024\/04\/GAB_4235.jpg","contentUrl":"https:\/\/sappada.maisonboutique.it\/wp-content\/uploads\/2024\/04\/GAB_4235.jpg","width":1535,"height":1024},{"@type":"BreadcrumbList","@id":"https:\/\/sappada.maisonboutique.it\/fior-dalpe-sappada\/#breadcrumb","itemListElement":[{"@type":"ListItem","position":1,"name":"Home","item":"https:\/\/sappada.maisonboutique.it\/"},{"@type":"ListItem","position":2,"name":"Fior d&#8217;Alpe Sappada"}]},{"@type":"WebSite","@id":"https:\/\/sappada.maisonboutique.it\/#website","url":"https:\/\/sappada.maisonboutique.it\/","name":"Maison Boutique Sappada","description":"Un mondo di relax a Sappada","publisher":{"@id":"https:\/\/sappada.maisonboutique.it\/#organization"},"alternateName":"Affitto Appartamenti Sappada","potentialAction":[{"@type":"SearchAction","target":{"@type":"EntryPoint","urlTemplate":"https:\/\/sappada.maisonboutique.it\/?s={search_term_string}"},"query-input":{"@type":"PropertyValueSpecification","valueRequired":true,"valueName":"search_term_string"}}],"inLanguage":"en-GB"},{"@type":"Organization","@id":"https:\/\/sappada.maisonboutique.it\/#organization","name":"Maison Boutique","alternateName":"Wellness Holidays S.r.l.","url":"https:\/\/sappada.maisonboutique.it\/","logo":{"@type":"ImageObject","inLanguage":"en-GB","@id":"https:\/\/sappada.maisonboutique.it\/#\/schema\/logo\/image\/","url":"https:\/\/sappada.maisonboutique.it\/wp-content\/uploads\/2024\/05\/cropped-favico.png","contentUrl":"https:\/\/sappada.maisonboutique.it\/wp-content\/uploads\/2024\/05\/cropped-favico.png","width":512,"height":512,"caption":"Maison Boutique"},"image":{"@id":"https:\/\/sappada.maisonboutique.it\/#\/schema\/logo\/image\/"},"email":"info@wellnesholidays.it","telephone":"+39 0432 501265","legalName":"Wellness Holidays S.r.l."}]}},"_links":{"self":[{"href":"https:\/\/sappada.maisonboutique.it\/en\/wp-json\/wp\/v2\/pages\/878","targetHints":{"allow":["GET"]}}],"collection":[{"href":"https:\/\/sappada.maisonboutique.it\/en\/wp-json\/wp\/v2\/pages"}],"about":[{"href":"https:\/\/sappada.maisonboutique.it\/en\/wp-json\/wp\/v2\/types\/page"}],"author":[{"embeddable":true,"href":"https:\/\/sappada.maisonboutique.it\/en\/wp-json\/wp\/v2\/users\/1"}],"replies":[{"embeddable":true,"href":"https:\/\/sappada.maisonboutique.it\/en\/wp-json\/wp\/v2\/comments?post=878"}],"version-history":[{"count":0,"href":"https:\/\/sappada.maisonboutique.it\/en\/wp-json\/wp\/v2\/pages\/878\/revisions"}],"wp:featuredmedia":[{"embeddable":true,"href":"https:\/\/sappada.maisonboutique.it\/en\/wp-json\/wp\/v2\/media\/459"}],"wp:attachment":[{"href":"https:\/\/sappada.maisonboutique.it\/en\/wp-json\/wp\/v2\/media?parent=878"}],"curies":[{"name":"wp","href":"https:\/\/api.w.org\/{rel}","templated":true}]}}