{"id":976,"date":"2024-04-30T14:27:16","date_gmt":"2024-04-30T14:27:16","guid":{"rendered":"https:\/\/sappada.maisonboutique.it\/?page_id=976"},"modified":"2024-05-16T16:37:08","modified_gmt":"2024-05-16T16:37:08","slug":"la-nostra-private-spa","status":"publish","type":"page","link":"https:\/\/sappada.maisonboutique.it\/en\/la-nostra-private-spa\/","title":{"rendered":"Our Private Spa"},"content":{"rendered":"<div data-elementor-type=\"wp-page\" data-elementor-id=\"976\" class=\"elementor elementor-976\" data-elementor-post-type=\"page\">\n\t\t\t\t\t\t<section class=\"elementor-section elementor-top-section elementor-element elementor-element-fd202d3 elementor-section-boxed elementor-section-height-default elementor-section-height-default\" data-id=\"fd202d3\" data-element_type=\"section\" data-settings=\"{&quot;background_background&quot;:&quot;classic&quot;}\">\n\t\t\t\t\t\t<div class=\"elementor-container elementor-column-gap-default\">\n\t\t\t\t\t<div class=\"elementor-column elementor-col-100 elementor-top-column elementor-element elementor-element-ba7dad5\" data-id=\"ba7dad5\" data-element_type=\"column\">\n\t\t\t<div class=\"elementor-widget-wrap elementor-element-populated\">\n\t\t\t\t\t\t<div class=\"elementor-element elementor-element-fab46f7 elementor-widget elementor-widget-gva-heading-block\" data-id=\"fab46f7\" data-element_type=\"widget\" data-widget_type=\"gva-heading-block.default\">\n\t\t\t\t<div class=\"elementor-widget-container\">\n\t\t\t\t\t<div class=\"gva-element-gva-heading-block gva-element\">   <div class=\"align-left style-1 widget gsc-heading box-align-left auto-responsive\">\r\n      <div class=\"content-inner\">\r\n         \r\n                  \r\n           \r\n         \r\n                     <h1 class=\"title\">\r\n               <span>Our Private Spa<\/span>\r\n            <\/h1>\r\n                  \r\n                     <div class=\"title-desc\">Treat yourself to relaxation<\/div>\r\n         \r\n         \r\n      <\/div>\r\n   <\/div>\r\n<\/div>\t\t\t\t<\/div>\n\t\t\t\t<\/div>\n\t\t\t\t\t<\/div>\n\t\t<\/div>\n\t\t\t\t\t<\/div>\n\t\t<\/section>\n\t\t\t\t<section class=\"elementor-section elementor-top-section elementor-element elementor-element-8dd8f04 elementor-section-boxed elementor-section-height-default elementor-section-height-default\" data-id=\"8dd8f04\" data-element_type=\"section\">\n\t\t\t\t\t\t<div class=\"elementor-container elementor-column-gap-default\">\n\t\t\t\t\t<div class=\"elementor-column elementor-col-100 elementor-top-column elementor-element elementor-element-d42e590\" data-id=\"d42e590\" data-element_type=\"column\">\n\t\t\t<div class=\"elementor-widget-wrap elementor-element-populated\">\n\t\t\t\t\t\t<div class=\"elementor-element elementor-element-bea16d3 elementor-widget elementor-widget-gva-heading-block\" data-id=\"bea16d3\" data-element_type=\"widget\" data-widget_type=\"gva-heading-block.default\">\n\t\t\t\t<div class=\"elementor-widget-container\">\n\t\t\t\t\t<div class=\"gva-element-gva-heading-block gva-element\">   <div class=\"align-center style-1 widget gsc-heading box-align-left auto-responsive\">\r\n      <div class=\"content-inner\">\r\n         \r\n                  \r\n           \r\n         \r\n                     <h2 class=\"title\">\r\n               <span>Welcome to Our Private Spa, exclusive to our guests<\/span>\r\n            <\/h2>\r\n                  \r\n                     <div class=\"title-desc\">Immergiti in un'oasi di tranquillit\u00e0 e benessere nella nostra intima spa privata, dove il relax e la cura personale sono al centro dell'esperienza. Progettata per offrire privacy e comfort, la nostra spa \u00e8 il rifugio perfetto per chi cerca un momento di pausa dalla routine quotidiana, obbligatoria la prenotazione anticipata.<\/div>\r\n         \r\n         \r\n      <\/div>\r\n   <\/div>\r\n<\/div>\t\t\t\t<\/div>\n\t\t\t\t<\/div>\n\t\t\t\t<div class=\"elementor-element elementor-element-6e11fac elementor-widget elementor-widget-gva-heading-block\" data-id=\"6e11fac\" data-element_type=\"widget\" data-widget_type=\"gva-heading-block.default\">\n\t\t\t\t<div class=\"elementor-widget-container\">\n\t\t\t\t\t<div class=\"gva-element-gva-heading-block gva-element\">   <div class=\"align-center style-2 widget gsc-heading box-align-left auto-responsive\">\r\n      <div class=\"content-inner\">\r\n         \r\n                  \r\n           \r\n         \r\n                     <h3 class=\"title\">\r\n               <span>Finnish Sauna<\/span>\r\n            <\/h3>\r\n                  \r\n                     <div class=\"title-desc\">Lasciati avvolgere dal calore secco della nostra sauna finlandese, un autentico tempio del benessere che purifica il corpo e rilassa la mente. Perfetta per alleviare lo stress, migliorare la circolazione e purificare la pelle, la nostra sauna \u00e8 un'esperienza rigenerante che riaccende i sensi e rinvigorisce lo spirito.<\/div>\r\n         \r\n         \r\n      <\/div>\r\n   <\/div>\r\n<\/div>\t\t\t\t<\/div>\n\t\t\t\t<\/div>\n\t\t\t\t<div class=\"elementor-element elementor-element-662344b elementor-widget elementor-widget-gva-heading-block\" data-id=\"662344b\" data-element_type=\"widget\" data-widget_type=\"gva-heading-block.default\">\n\t\t\t\t<div class=\"elementor-widget-container\">\n\t\t\t\t\t<div class=\"gva-element-gva-heading-block gva-element\">   <div class=\"align-center style-2 widget gsc-heading box-align-left auto-responsive\">\r\n      <div class=\"content-inner\">\r\n         \r\n                  \r\n           \r\n         \r\n                     <h3 class=\"title\">\r\n               <span>Whirlpool Tub<\/span>\r\n            <\/h3>\r\n                  \r\n                     <div class=\"title-desc\">Continue your relaxation journey by immersing yourself in our whirlpool tub, where warm water jets gently massage away muscle tension and stress. Surrounded by bubbles, let yourself be soothed in this aquatic embrace, perfect for deep relaxation.<\/div>\r\n         \r\n         \r\n      <\/div>\r\n   <\/div>\r\n<\/div>\t\t\t\t<\/div>\n\t\t\t\t<\/div>\n\t\t\t\t<div class=\"elementor-element elementor-element-7502920 elementor-widget elementor-widget-gva-heading-block\" data-id=\"7502920\" data-element_type=\"widget\" data-widget_type=\"gva-heading-block.default\">\n\t\t\t\t<div class=\"elementor-widget-container\">\n\t\t\t\t\t<div class=\"gva-element-gva-heading-block gva-element\">   <div class=\"align-center style-2 widget gsc-heading box-align-left auto-responsive\">\r\n      <div class=\"content-inner\">\r\n         \r\n                  \r\n           \r\n         \r\n                     <h3 class=\"title\">\r\n               <span>Area Relax con Selezione di T\u00e8 alle Erbe<\/span>\r\n            <\/h3>\r\n                  \r\n                     <div class=\"title-desc\">Ritirati nell'area relax, un angolo sereno dove potrai degustare una vasta selezione di t\u00e8 alle erbe, scelti per le loro propriet\u00e0 calmanti e ristorative. Sorseggia il tuo t\u00e8 preferito in un ambiente tranquillo, lasciando che i suoi aromi contribuiscano a un senso di pace interiore.<\/div>\r\n         \r\n         \r\n      <\/div>\r\n   <\/div>\r\n<\/div>\t\t\t\t<\/div>\n\t\t\t\t<\/div>\n\t\t\t\t<div class=\"elementor-element elementor-element-b5611d4 elementor-widget elementor-widget-gva-heading-block\" data-id=\"b5611d4\" data-element_type=\"widget\" data-widget_type=\"gva-heading-block.default\">\n\t\t\t\t<div class=\"elementor-widget-container\">\n\t\t\t\t\t<div class=\"gva-element-gva-heading-block gva-element\">   <div class=\"align-center style-2 widget gsc-heading box-align-left auto-responsive\">\r\n      <div class=\"content-inner\">\r\n         \r\n                  \r\n           \r\n         \r\n                     <h3 class=\"title\">\r\n               <span>Solarium Terrace<\/span>\r\n            <\/h3>\r\n                  \r\n                     <div class=\"title-desc\">Durante i mesi estivi, la nostra terrazza solarium ti invita a goderti il sole in totale privacy. Dotata di comodi lettini, \u00e8 il luogo ideale per leggere un libro, fare un pisolino o semplicemente assorbire la bellezza del paesaggio circostante, lasciando che il sole ricarichi le tue energie.<\/div>\r\n         \r\n         \r\n      <\/div>\r\n   <\/div>\r\n<\/div>\t\t\t\t<\/div>\n\t\t\t\t<\/div>\n\t\t\t\t\t<\/div>\n\t\t<\/div>\n\t\t\t\t\t<\/div>\n\t\t<\/section>\n\t\t\t\t<section class=\"elementor-section elementor-top-section elementor-element elementor-element-86f2921 elementor-section-boxed elementor-section-height-default elementor-section-height-default\" data-id=\"86f2921\" data-element_type=\"section\">\n\t\t\t\t\t\t<div class=\"elementor-container elementor-column-gap-default\">\n\t\t\t\t\t<div class=\"elementor-column elementor-col-100 elementor-top-column elementor-element elementor-element-5b19db5\" data-id=\"5b19db5\" data-element_type=\"column\">\n\t\t\t<div class=\"elementor-widget-wrap elementor-element-populated\">\n\t\t\t\t\t\t<div class=\"elementor-element elementor-element-a60bfef elementor-widget elementor-widget-gva-gallery\" data-id=\"a60bfef\" data-element_type=\"widget\" data-widget_type=\"gva-gallery.default\">\n\t\t\t\t<div class=\"elementor-widget-container\">\n\t\t\t\t\t<div class=\"gva-element-gva-gallery gva-element\">  \r\n<div class=\"gva-gallery-grid clearfix\">\r\n\t<div class=\"gva-content-items\"> \r\n\t  \t<div class=\"lg-block-grid-4 md-block-grid-4 sm-block-grid-2 xs-block-grid-2 xx-block-grid-1\">\r\n\t\t \t<div class=\"item\"><div class=\"gallery-one__single\"><div class=\"gallery-one__image\"><img decoding=\"async\" src=\"https:\/\/sappada.maisonboutique.it\/wp-content\/uploads\/2024\/04\/27-600x540.jpg\" alt=\"Hot Tub\" \/><\/div><a class=\"gallery-one__photo photo-gallery\" href=\"https:\/\/sappada.maisonboutique.it\/wp-content\/uploads\/2024\/04\/27-scaled.jpg\" data-elementor-lightbox-slideshow=\"gallery-nik1\"><\/a><div class=\"gallery-one__content\"><div class=\"gallery-one__content-inner\"><span class=\"gallery-one__icon\"><i class=\"fas fa-plus\"><\/i><\/span><h3 class=\"gallery-one__title\">Hot Tub<\/h3><\/div><\/div><\/div><\/div><div class=\"item\"><div class=\"gallery-one__single\"><div class=\"gallery-one__image\"><img decoding=\"async\" src=\"https:\/\/sappada.maisonboutique.it\/wp-content\/uploads\/2024\/04\/2-6-600x540.jpg\" alt=\"Finnish Sauna\" \/><\/div><a class=\"gallery-one__photo photo-gallery\" href=\"https:\/\/sappada.maisonboutique.it\/wp-content\/uploads\/2024\/04\/2-6.jpg\" data-elementor-lightbox-slideshow=\"gallery-nik1\"><\/a><div class=\"gallery-one__content\"><div class=\"gallery-one__content-inner\"><span class=\"gallery-one__icon\"><i class=\"fas fa-plus\"><\/i><\/span><h3 class=\"gallery-one__title\">Finnish Sauna<\/h3><\/div><\/div><\/div><\/div><div class=\"item\"><div class=\"gallery-one__single\"><div class=\"gallery-one__image\"><img decoding=\"async\" src=\"https:\/\/sappada.maisonboutique.it\/wp-content\/uploads\/2024\/04\/28-600x540.jpg\" alt=\"Relaxation Area\" \/><\/div><a class=\"gallery-one__photo photo-gallery\" href=\"https:\/\/sappada.maisonboutique.it\/wp-content\/uploads\/2024\/04\/28-scaled.jpg\" data-elementor-lightbox-slideshow=\"gallery-nik1\"><\/a><div class=\"gallery-one__content\"><div class=\"gallery-one__content-inner\"><span class=\"gallery-one__icon\"><i class=\"fas fa-plus\"><\/i><\/span><h3 class=\"gallery-one__title\">Relaxation Area<\/h3><\/div><\/div><\/div><\/div><div class=\"item\"><div class=\"gallery-one__single\"><div class=\"gallery-one__image\"><img decoding=\"async\" src=\"https:\/\/sappada.maisonboutique.it\/wp-content\/uploads\/2024\/04\/13-EST-600x540.jpg\" alt=\"Solarium\" \/><\/div><a class=\"gallery-one__photo photo-gallery\" href=\"https:\/\/sappada.maisonboutique.it\/wp-content\/uploads\/2024\/04\/13-EST.jpg\" data-elementor-lightbox-slideshow=\"gallery-nik1\"><\/a><div class=\"gallery-one__content\"><div class=\"gallery-one__content-inner\"><span class=\"gallery-one__icon\"><i class=\"fas fa-plus\"><\/i><\/span><h3 class=\"gallery-one__title\">Solarium<\/h3><\/div><\/div><\/div><\/div>\t  \t<\/div>\r\n\t<\/div>\r\n<\/div>\r\n<\/div>\t\t\t\t<\/div>\n\t\t\t\t<\/div>\n\t\t\t\t\t<\/div>\n\t\t<\/div>\n\t\t\t\t\t<\/div>\n\t\t<\/section>\n\t\t\t\t<section class=\"elementor-section elementor-top-section elementor-element elementor-element-4964676 elementor-section-boxed elementor-section-height-default elementor-section-height-default\" data-id=\"4964676\" data-element_type=\"section\">\n\t\t\t\t\t\t<div class=\"elementor-container elementor-column-gap-default\">\n\t\t\t\t\t<div class=\"elementor-column elementor-col-100 elementor-top-column elementor-element elementor-element-f0951eb\" data-id=\"f0951eb\" data-element_type=\"column\">\n\t\t\t<div class=\"elementor-widget-wrap elementor-element-populated\">\n\t\t\t\t\t\t<div class=\"elementor-element elementor-element-9db2f29 elementor-widget elementor-widget-gva-heading-block\" data-id=\"9db2f29\" data-element_type=\"widget\" data-widget_type=\"gva-heading-block.default\">\n\t\t\t\t<div class=\"elementor-widget-container\">\n\t\t\t\t\t<div class=\"gva-element-gva-heading-block gva-element\">   <div class=\"align-center style-2 widget gsc-heading box-align-left auto-responsive\">\r\n      <div class=\"content-inner\">\r\n         \r\n                  \r\n           \r\n         \r\n                     <h3 class=\"title\">\r\n               <span>Booking Required for Your Pure Relaxation Experience<\/span>\r\n            <\/h3>\r\n                  \r\n                     <div class=\"title-desc\">La nostra spa \u00e8 disponibile tutti i giorni in 4 turni giornalieri, dalle 09.00 alle 12.00, dalle 13.00 alle 16.00 , dalle 17.00 alle 20.00 oppure dalle 21.00 alle 24.00 garantendo un'esperienza esclusiva e personalizzata. Che tu desideri una fuga solitaria o un tranquillo ritiro in coppia, noi siamo qui per soddisfare ogni tua esigenza di benessere. Prenota uno dei nostri appartamenti e ricordati di prenotare anticipatamente la tua sessione relax. Il prezzo per l\u2019utilizzo esclusivo per 3ore in una delle fascie orarie di cui sopra \u00e8 di \u20ac75,00 se l\u2019utilizzo \u00e8 fino a 2 persone, \u20ac95 se l\u2019utilizzo \u00e8 da 3 a 5 persone (capienza massima). Gli animali domestici non sono ammessi all\u2019interno della Private Spa.<\/div>\r\n         \r\n         \r\n      <\/div>\r\n   <\/div>\r\n<\/div>\t\t\t\t<\/div>\n\t\t\t\t<\/div>\n\t\t\t\t\t<\/div>\n\t\t<\/div>\n\t\t\t\t\t<\/div>\n\t\t<\/section>\n\t\t\t\t<\/div>","protected":false},"excerpt":{"rendered":"<p>Immergiti in un&#8217;oasi di tranquillit\u00e0 e benessere nella nostra intima spa privata, dove il relax e la cura personale sono al centro dell&#8217;esperienza. <\/p>","protected":false},"author":1,"featured_media":980,"parent":0,"menu_order":0,"comment_status":"closed","ping_status":"closed","template":"","meta":{"_monsterinsights_skip_tracking":false,"_monsterinsights_sitenote_active":false,"_monsterinsights_sitenote_note":"","_monsterinsights_sitenote_category":0,"footnotes":""},"class_list":["post-976","page","type-page","status-publish","has-post-thumbnail","hentry"],"yoast_head":"<!-- This site is optimized with the Yoast SEO Premium plugin v22.9 (Yoast SEO v25.5) - https:\/\/yoast.com\/wordpress\/plugins\/seo\/ -->\n<title>La nostra Private Spa - Maison Boutique Sappada - Residence Raffinato Diffuso<\/title>\n<meta name=\"description\" content=\"Immergiti in un&#039;oasi di tranquillit\u00e0 e benessere nella nostra intima spa privata, dove il relax e la cura personale sono al centro dell&#039;..\" \/>\n<meta name=\"robots\" content=\"index, follow, max-snippet:-1, max-image-preview:large, max-video-preview:-1\" \/>\n<link rel=\"canonical\" href=\"https:\/\/sappada.maisonboutique.it\/en\/la-nostra-private-spa\/\" \/>\n<meta property=\"og:locale\" content=\"en_GB\" \/>\n<meta property=\"og:type\" content=\"article\" \/>\n<meta property=\"og:title\" content=\"La nostra Private Spa\" \/>\n<meta property=\"og:description\" content=\"Immergiti in un&#039;oasi di tranquillit\u00e0 e benessere nella nostra intima spa privata, dove il relax e la cura personale sono al centro dell&#039;esperienza. Progettata per offrire privacy e comfort, la nostra spa \u00e8 il rifugio perfetto per chi cerca un momento di pausa dalla routine quotidiana\" \/>\n<meta property=\"og:url\" content=\"https:\/\/sappada.maisonboutique.it\/en\/la-nostra-private-spa\/\" \/>\n<meta property=\"og:site_name\" content=\"Maison Boutique Sappada - Residence Raffinato Diffuso\" \/>\n<meta property=\"article:modified_time\" content=\"2024-05-16T16:37:08+00:00\" \/>\n<meta property=\"og:image\" content=\"https:\/\/sappada.maisonboutique.it\/wp-content\/uploads\/2024\/04\/28-scaled.jpg\" \/>\n\t<meta property=\"og:image:width\" content=\"2560\" \/>\n\t<meta property=\"og:image:height\" content=\"1775\" \/>\n\t<meta property=\"og:image:type\" content=\"image\/jpeg\" \/>\n<meta name=\"twitter:card\" content=\"summary_large_image\" \/>\n<meta name=\"twitter:label1\" content=\"Estimated reading time\" \/>\n\t<meta name=\"twitter:data1\" content=\"3 minutes\" \/>\n<script type=\"application\/ld+json\" class=\"yoast-schema-graph\">{\"@context\":\"https:\/\/schema.org\",\"@graph\":[{\"@type\":\"WebPage\",\"@id\":\"https:\/\/sappada.maisonboutique.it\/en\/la-nostra-private-spa\/\",\"url\":\"https:\/\/sappada.maisonboutique.it\/en\/la-nostra-private-spa\/\",\"name\":\"La nostra Private Spa - Maison Boutique Sappada - Residence Raffinato Diffuso\",\"isPartOf\":{\"@id\":\"https:\/\/sappada.maisonboutique.it\/#website\"},\"primaryImageOfPage\":{\"@id\":\"https:\/\/sappada.maisonboutique.it\/en\/la-nostra-private-spa\/#primaryimage\"},\"image\":{\"@id\":\"https:\/\/sappada.maisonboutique.it\/en\/la-nostra-private-spa\/#primaryimage\"},\"thumbnailUrl\":\"https:\/\/sappada.maisonboutique.it\/wp-content\/uploads\/2024\/04\/28-scaled.jpg\",\"datePublished\":\"2024-04-30T14:27:16+00:00\",\"dateModified\":\"2024-05-16T16:37:08+00:00\",\"description\":\"Immergiti in un'oasi di tranquillit\u00e0 e benessere nella nostra intima spa privata, dove il relax e la cura personale sono al centro dell'..\",\"breadcrumb\":{\"@id\":\"https:\/\/sappada.maisonboutique.it\/en\/la-nostra-private-spa\/#breadcrumb\"},\"inLanguage\":\"en-GB\",\"potentialAction\":[{\"@type\":\"ReadAction\",\"target\":[\"https:\/\/sappada.maisonboutique.it\/en\/la-nostra-private-spa\/\"]}]},{\"@type\":\"ImageObject\",\"inLanguage\":\"en-GB\",\"@id\":\"https:\/\/sappada.maisonboutique.it\/en\/la-nostra-private-spa\/#primaryimage\",\"url\":\"https:\/\/sappada.maisonboutique.it\/wp-content\/uploads\/2024\/04\/28-scaled.jpg\",\"contentUrl\":\"https:\/\/sappada.maisonboutique.it\/wp-content\/uploads\/2024\/04\/28-scaled.jpg\",\"width\":2560,\"height\":1775},{\"@type\":\"BreadcrumbList\",\"@id\":\"https:\/\/sappada.maisonboutique.it\/en\/la-nostra-private-spa\/#breadcrumb\",\"itemListElement\":[{\"@type\":\"ListItem\",\"position\":1,\"name\":\"Home\",\"item\":\"https:\/\/sappada.maisonboutique.it\/\"},{\"@type\":\"ListItem\",\"position\":2,\"name\":\"La nostra Private Spa\"}]},{\"@type\":\"WebSite\",\"@id\":\"https:\/\/sappada.maisonboutique.it\/#website\",\"url\":\"https:\/\/sappada.maisonboutique.it\/\",\"name\":\"Maison Boutique Sappada\",\"description\":\"Un mondo di relax a Sappada\",\"publisher\":{\"@id\":\"https:\/\/sappada.maisonboutique.it\/#organization\"},\"alternateName\":\"Affitto Appartamenti Sappada\",\"potentialAction\":[{\"@type\":\"SearchAction\",\"target\":{\"@type\":\"EntryPoint\",\"urlTemplate\":\"https:\/\/sappada.maisonboutique.it\/?s={search_term_string}\"},\"query-input\":{\"@type\":\"PropertyValueSpecification\",\"valueRequired\":true,\"valueName\":\"search_term_string\"}}],\"inLanguage\":\"en-GB\"},{\"@type\":\"Organization\",\"@id\":\"https:\/\/sappada.maisonboutique.it\/#organization\",\"name\":\"Maison Boutique\",\"alternateName\":\"Wellness Holidays S.r.l.\",\"url\":\"https:\/\/sappada.maisonboutique.it\/\",\"logo\":{\"@type\":\"ImageObject\",\"inLanguage\":\"en-GB\",\"@id\":\"https:\/\/sappada.maisonboutique.it\/#\/schema\/logo\/image\/\",\"url\":\"https:\/\/sappada.maisonboutique.it\/wp-content\/uploads\/2024\/05\/cropped-favico.png\",\"contentUrl\":\"https:\/\/sappada.maisonboutique.it\/wp-content\/uploads\/2024\/05\/cropped-favico.png\",\"width\":512,\"height\":512,\"caption\":\"Maison Boutique\"},\"image\":{\"@id\":\"https:\/\/sappada.maisonboutique.it\/#\/schema\/logo\/image\/\"},\"email\":\"info@wellnesholidays.it\",\"telephone\":\"+39 0432 501265\",\"legalName\":\"Wellness Holidays S.r.l.\"}]}<\/script>\n<!-- \/ Yoast SEO Premium plugin. -->","yoast_head_json":{"title":"La nostra Private Spa - Maison Boutique Sappada - Residence Raffinato Diffuso","description":"Immergiti in un'oasi di tranquillit\u00e0 e benessere nella nostra intima spa privata, dove il relax e la cura personale sono al centro dell'..","robots":{"index":"index","follow":"follow","max-snippet":"max-snippet:-1","max-image-preview":"max-image-preview:large","max-video-preview":"max-video-preview:-1"},"canonical":"https:\/\/sappada.maisonboutique.it\/en\/la-nostra-private-spa\/","og_locale":"en_GB","og_type":"article","og_title":"La nostra Private Spa","og_description":"Immergiti in un'oasi di tranquillit\u00e0 e benessere nella nostra intima spa privata, dove il relax e la cura personale sono al centro dell'esperienza. Progettata per offrire privacy e comfort, la nostra spa \u00e8 il rifugio perfetto per chi cerca un momento di pausa dalla routine quotidiana","og_url":"https:\/\/sappada.maisonboutique.it\/en\/la-nostra-private-spa\/","og_site_name":"Maison Boutique Sappada - Residence Raffinato Diffuso","article_modified_time":"2024-05-16T16:37:08+00:00","og_image":[{"width":2560,"height":1775,"url":"https:\/\/sappada.maisonboutique.it\/wp-content\/uploads\/2024\/04\/28-scaled.jpg","type":"image\/jpeg"}],"twitter_card":"summary_large_image","twitter_misc":{"Estimated reading time":"3 minutes"},"schema":{"@context":"https:\/\/schema.org","@graph":[{"@type":"WebPage","@id":"https:\/\/sappada.maisonboutique.it\/en\/la-nostra-private-spa\/","url":"https:\/\/sappada.maisonboutique.it\/en\/la-nostra-private-spa\/","name":"La nostra Private Spa - Maison Boutique Sappada - Residence Raffinato Diffuso","isPartOf":{"@id":"https:\/\/sappada.maisonboutique.it\/#website"},"primaryImageOfPage":{"@id":"https:\/\/sappada.maisonboutique.it\/en\/la-nostra-private-spa\/#primaryimage"},"image":{"@id":"https:\/\/sappada.maisonboutique.it\/en\/la-nostra-private-spa\/#primaryimage"},"thumbnailUrl":"https:\/\/sappada.maisonboutique.it\/wp-content\/uploads\/2024\/04\/28-scaled.jpg","datePublished":"2024-04-30T14:27:16+00:00","dateModified":"2024-05-16T16:37:08+00:00","description":"Immergiti in un'oasi di tranquillit\u00e0 e benessere nella nostra intima spa privata, dove il relax e la cura personale sono al centro dell'..","breadcrumb":{"@id":"https:\/\/sappada.maisonboutique.it\/en\/la-nostra-private-spa\/#breadcrumb"},"inLanguage":"en-GB","potentialAction":[{"@type":"ReadAction","target":["https:\/\/sappada.maisonboutique.it\/en\/la-nostra-private-spa\/"]}]},{"@type":"ImageObject","inLanguage":"en-GB","@id":"https:\/\/sappada.maisonboutique.it\/en\/la-nostra-private-spa\/#primaryimage","url":"https:\/\/sappada.maisonboutique.it\/wp-content\/uploads\/2024\/04\/28-scaled.jpg","contentUrl":"https:\/\/sappada.maisonboutique.it\/wp-content\/uploads\/2024\/04\/28-scaled.jpg","width":2560,"height":1775},{"@type":"BreadcrumbList","@id":"https:\/\/sappada.maisonboutique.it\/en\/la-nostra-private-spa\/#breadcrumb","itemListElement":[{"@type":"ListItem","position":1,"name":"Home","item":"https:\/\/sappada.maisonboutique.it\/"},{"@type":"ListItem","position":2,"name":"La nostra Private Spa"}]},{"@type":"WebSite","@id":"https:\/\/sappada.maisonboutique.it\/#website","url":"https:\/\/sappada.maisonboutique.it\/","name":"Maison Boutique Sappada","description":"Un mondo di relax a Sappada","publisher":{"@id":"https:\/\/sappada.maisonboutique.it\/#organization"},"alternateName":"Affitto Appartamenti Sappada","potentialAction":[{"@type":"SearchAction","target":{"@type":"EntryPoint","urlTemplate":"https:\/\/sappada.maisonboutique.it\/?s={search_term_string}"},"query-input":{"@type":"PropertyValueSpecification","valueRequired":true,"valueName":"search_term_string"}}],"inLanguage":"en-GB"},{"@type":"Organization","@id":"https:\/\/sappada.maisonboutique.it\/#organization","name":"Maison Boutique","alternateName":"Wellness Holidays S.r.l.","url":"https:\/\/sappada.maisonboutique.it\/","logo":{"@type":"ImageObject","inLanguage":"en-GB","@id":"https:\/\/sappada.maisonboutique.it\/#\/schema\/logo\/image\/","url":"https:\/\/sappada.maisonboutique.it\/wp-content\/uploads\/2024\/05\/cropped-favico.png","contentUrl":"https:\/\/sappada.maisonboutique.it\/wp-content\/uploads\/2024\/05\/cropped-favico.png","width":512,"height":512,"caption":"Maison Boutique"},"image":{"@id":"https:\/\/sappada.maisonboutique.it\/#\/schema\/logo\/image\/"},"email":"info@wellnesholidays.it","telephone":"+39 0432 501265","legalName":"Wellness Holidays S.r.l."}]}},"_links":{"self":[{"href":"https:\/\/sappada.maisonboutique.it\/en\/wp-json\/wp\/v2\/pages\/976","targetHints":{"allow":["GET"]}}],"collection":[{"href":"https:\/\/sappada.maisonboutique.it\/en\/wp-json\/wp\/v2\/pages"}],"about":[{"href":"https:\/\/sappada.maisonboutique.it\/en\/wp-json\/wp\/v2\/types\/page"}],"author":[{"embeddable":true,"href":"https:\/\/sappada.maisonboutique.it\/en\/wp-json\/wp\/v2\/users\/1"}],"replies":[{"embeddable":true,"href":"https:\/\/sappada.maisonboutique.it\/en\/wp-json\/wp\/v2\/comments?post=976"}],"version-history":[{"count":0,"href":"https:\/\/sappada.maisonboutique.it\/en\/wp-json\/wp\/v2\/pages\/976\/revisions"}],"wp:featuredmedia":[{"embeddable":true,"href":"https:\/\/sappada.maisonboutique.it\/en\/wp-json\/wp\/v2\/media\/980"}],"wp:attachment":[{"href":"https:\/\/sappada.maisonboutique.it\/en\/wp-json\/wp\/v2\/media?parent=976"}],"curies":[{"name":"wp","href":"https:\/\/api.w.org\/{rel}","templated":true}]}}